{"id":2672,"date":"2023-05-22T19:47:04","date_gmt":"2023-05-22T17:47:04","guid":{"rendered":"https:\/\/orefugionasvinhas.com\/?page_id=2672"},"modified":"2024-04-12T19:08:27","modified_gmt":"2024-04-12T17:08:27","slug":"aldea-inclusiva","status":"publish","type":"page","link":"https:\/\/orefugionasvinhas.com\/fr\/aldea-inclusiva\/","title":{"rendered":"Aldea Inclusiva"},"content":{"rendered":"\t\t<div data-elementor-type=\"wp-page\" data-elementor-id=\"2672\" class=\"elementor elementor-2672\" data-elementor-post-type=\"page\">\n\t\t\t\t\t\t<section class=\"elementor-section elementor-top-section elementor-element elementor-element-570360bf elementor-section-full_width elementor-section-stretched elementor-section-height-default elementor-section-height-default\" data-id=\"570360bf\" data-element_type=\"section\" data-settings=\"{&quot;stretch_section&quot;:&quot;section-stretched&quot;}\">\n\t\t\t\t\t\t<div class=\"elementor-container elementor-column-gap-no\">\n\t\t\t\t\t<div class=\"elementor-column elementor-col-100 elementor-top-column elementor-element elementor-element-78e4354c\" data-id=\"78e4354c\" data-element_type=\"column\">\n\t\t\t<div class=\"elementor-widget-wrap elementor-element-populated\">\n\t\t\t\t\t\t<div class=\"elementor-element elementor-element-6b0d4651 elementor--h-position-center elementor--v-position-middle elementor-arrows-position-inside elementor-pagination-position-inside elementor-widget elementor-widget-slides\" data-id=\"6b0d4651\" data-element_type=\"widget\" data-settings=\"{&quot;navigation&quot;:&quot;both&quot;,&quot;autoplay&quot;:&quot;yes&quot;,&quot;pause_on_hover&quot;:&quot;yes&quot;,&quot;pause_on_interaction&quot;:&quot;yes&quot;,&quot;autoplay_speed&quot;:5000,&quot;infinite&quot;:&quot;yes&quot;,&quot;transition&quot;:&quot;slide&quot;,&quot;transition_speed&quot;:500}\" data-widget_type=\"slides.default\">\n\t\t\t\t<div class=\"elementor-widget-container\">\n\t\t\t\t\t<div class=\"elementor-swiper\">\n\t\t\t<div class=\"elementor-slides-wrapper elementor-main-swiper swiper\" dir=\"ltr\" data-animation=\"fadeInUp\">\n\t\t\t\t<div class=\"swiper-wrapper elementor-slides\">\n\t\t\t\t\t\t\t\t\t\t<div class=\"elementor-repeater-item-53c9dee swiper-slide\"><div class=\"swiper-slide-bg\" role=\"img\"><\/div><div class=\"swiper-slide-inner\" ><div class=\"swiper-slide-contents\"><div class=\"elementor-slide-heading\">ALDEIA INCLUSIVA<\/div><div class=\"elementor-slide-description\">ALDEIA INCLUSIVA, une association pour une vraie INCLUSION DE LA DIFFERENCE<\/div><\/div><\/div><\/div>\t\t\t\t<\/div>\n\t\t\t\t\t\t\t<\/div>\n\t\t<\/div>\n\t\t\t\t<\/div>\n\t\t\t\t<\/div>\n\t\t\t\t\t<\/div>\n\t\t<\/div>\n\t\t\t\t\t<\/div>\n\t\t<\/section>\n\t\t\t\t<section class=\"elementor-section elementor-top-section elementor-element elementor-element-db48796 elementor-section-boxed elementor-section-height-default elementor-section-height-default\" data-id=\"db48796\" data-element_type=\"section\">\n\t\t\t\t\t\t<div class=\"elementor-container elementor-column-gap-default\">\n\t\t\t\t\t<div class=\"elementor-column elementor-col-50 elementor-top-column elementor-element elementor-element-bac5bc8\" data-id=\"bac5bc8\" data-element_type=\"column\">\n\t\t\t<div class=\"elementor-widget-wrap elementor-element-populated\">\n\t\t\t\t\t\t<div class=\"elementor-element elementor-element-8c278f9 elementor-widget elementor-widget-text-editor\" data-id=\"8c278f9\" data-element_type=\"widget\" data-widget_type=\"text-editor.default\">\n\t\t\t\t<div class=\"elementor-widget-container\">\n\t\t\t\t\t\t\t<p>Nous sommes une association de parents d\u2019enfants diff\u00e9rents, de sympathisants et de professionnels qui veulent cr\u00e9er une Aldeia Inclusiva. C\u2019est-\u00e0-dire un quartier o\u00f9 nos jeunes adultes d\u00e9ficients pourront vivre en contact avec la Nature et travailler dans des activit\u00e9s ouvertes au monde et pas dans un ghetto.<br \/><br \/>Nous ne voulons pas cr\u00e9er un centre ferm\u00e9 o\u00f9 nos enfants vont vieillir loin du monde, referm\u00e9s sur eux-m\u00eames et sans pouvoir interagir avec les gens ordinaires en partageant leur richesse int\u00e9rieure.<\/p>\t\t\t\t\t\t<\/div>\n\t\t\t\t<\/div>\n\t\t\t\t\t<\/div>\n\t\t<\/div>\n\t\t\t\t<div class=\"elementor-column elementor-col-50 elementor-top-column elementor-element elementor-element-850b992\" data-id=\"850b992\" data-element_type=\"column\">\n\t\t\t<div class=\"elementor-widget-wrap elementor-element-populated\">\n\t\t\t\t\t\t<div class=\"elementor-element elementor-element-a1afdbb elementor-widget elementor-widget-image\" data-id=\"a1afdbb\" data-element_type=\"widget\" data-widget_type=\"image.default\">\n\t\t\t\t<div class=\"elementor-widget-container\">\n\t\t\t\t\t\t\t\t\t\t\t\t\t<img fetchpriority=\"high\" decoding=\"async\" width=\"605\" height=\"622\" src=\"https:\/\/orefugionasvinhas.com\/wp-content\/uploads\/2024\/04\/Image1.jpg\" class=\"attachment-full size-full wp-image-4355\" alt=\"\" srcset=\"https:\/\/orefugionasvinhas.com\/wp-content\/uploads\/2024\/04\/Image1.jpg 605w, https:\/\/orefugionasvinhas.com\/wp-content\/uploads\/2024\/04\/Image1-292x300.jpg 292w, https:\/\/orefugionasvinhas.com\/wp-content\/uploads\/2024\/04\/Image1-12x12.jpg 12w\" sizes=\"(max-width: 605px) 100vw, 605px\" \/>\t\t\t\t\t\t\t\t\t\t\t\t\t<\/div>\n\t\t\t\t<\/div>\n\t\t\t\t<div class=\"elementor-element elementor-element-498adb0 elementor-align-center elementor-widget elementor-widget-button\" data-id=\"498adb0\" data-element_type=\"widget\" data-widget_type=\"button.default\">\n\t\t\t\t<div class=\"elementor-widget-container\">\n\t\t\t\t\t\t\t<div class=\"elementor-button-wrapper\">\n\t\t\t\t\t<a class=\"elementor-button elementor-button-link elementor-size-sm\" href=\"https:\/\/www.aldeiainclusiva.pt\/quem-somos\/quem-somos\">\n\t\t\t\t\t\t<span class=\"elementor-button-content-wrapper\">\n\t\t\t\t\t\t\t\t\t<span class=\"elementor-button-text\">Voir le site de l'association<\/span>\n\t\t\t\t\t<\/span>\n\t\t\t\t\t<\/a>\n\t\t\t\t<\/div>\n\t\t\t\t\t\t<\/div>\n\t\t\t\t<\/div>\n\t\t\t\t\t<\/div>\n\t\t<\/div>\n\t\t\t\t\t<\/div>\n\t\t<\/section>\n\t\t\t\t<section class=\"elementor-section elementor-top-section elementor-element elementor-element-9f756a5 elementor-section-boxed elementor-section-height-default elementor-section-height-default\" data-id=\"9f756a5\" data-element_type=\"section\">\n\t\t\t\t\t\t<div class=\"elementor-container elementor-column-gap-default\">\n\t\t\t\t\t<div class=\"elementor-column elementor-col-50 elementor-top-column elementor-element elementor-element-b5b6e2f\" data-id=\"b5b6e2f\" data-element_type=\"column\">\n\t\t\t<div class=\"elementor-widget-wrap elementor-element-populated\">\n\t\t\t\t\t\t<div class=\"elementor-element elementor-element-5d6f7f0 elementor-widget elementor-widget-text-editor\" data-id=\"5d6f7f0\" data-element_type=\"widget\" data-widget_type=\"text-editor.default\">\n\t\t\t\t<div class=\"elementor-widget-container\">\n\t\t\t\t\t\t\t<p>Aldeia Inclusiva est une association IPSS. Ce qui veut dire que la S\u00e9curit\u00e9 Sociale portugaise va prendre en charge les frais inh\u00e9rents aux soins des personnes handicap\u00e9s, \u00e0 leur encadrement et financer en partie la construction de leur r\u00e9sidence voire le centre de jour.<br \/>Les familles sont face \u00e0 un probl\u00e8me d\u2019occupation et de d\u00e9veloppement de leur enfant porteur d\u2019un handicap quel qu\u2019il soit (autisme, paralysie c\u00e9r\u00e9brale, trisomie etc\u2026). Nous pensons que la nature et les animaux sont des sources d\u2019apprentissage charg\u00e9es de sens pour eux et aptes \u00e0 les aider \u00e0 g\u00e9rer leurs \u00e9motions en \u00e9tant dans un rythme plus relax et loin des sollicitations stressantes de la vie citadine ou de leur chambre.<\/p><p>Nous ne voulons pas cr\u00e9er un centre ferm\u00e9 o\u00f9 nos enfants vont vieillir loin du monde, referm\u00e9s sur eux-m\u00eames et sans pouvoir interagir avec les gens ordinaires en partageant leur richesse int\u00e9rieure.<\/p>\t\t\t\t\t\t<\/div>\n\t\t\t\t<\/div>\n\t\t\t\t\t<\/div>\n\t\t<\/div>\n\t\t\t\t<div class=\"elementor-column elementor-col-50 elementor-top-column elementor-element elementor-element-aaf27e8\" data-id=\"aaf27e8\" data-element_type=\"column\">\n\t\t\t<div class=\"elementor-widget-wrap elementor-element-populated\">\n\t\t\t\t\t\t<div class=\"elementor-element elementor-element-d4cb69a elementor-widget elementor-widget-html\" data-id=\"d4cb69a\" data-element_type=\"widget\" data-widget_type=\"html.default\">\n\t\t\t\t<div class=\"elementor-widget-container\">\n\t\t\t<div style=\"padding:56.25% 0 0 0;position:relative;\"><iframe width=\"100%\" height=\"100%\" src=\"https:\/\/app.videas.fr\/embed\/media\/f0e139d2-9499-4c38-beb1-afde2479fae9\/?title=false&logo=false&thumbnail=video&player=da448b96-8230-4114-a01c-6d4553406321\" frameborder=\"0\" allow=\"accelerometer; autoplay; encrypted-media; gyroscope; picture-in-picture\" allowfullscreen=\"true\" style=\"position: absolute; top: 0; left: 0\" referrerpolicy=\"unsafe-url\"><\/iframe><\/div>\t\t<\/div>\n\t\t\t\t<\/div>\n\t\t\t\t\t<\/div>\n\t\t<\/div>\n\t\t\t\t\t<\/div>\n\t\t<\/section>\n\t\t\t\t<section class=\"elementor-section elementor-top-section elementor-element elementor-element-99653d9 elementor-section-boxed elementor-section-height-default elementor-section-height-default\" data-id=\"99653d9\" data-element_type=\"section\">\n\t\t\t\t\t\t<div class=\"elementor-container elementor-column-gap-default\">\n\t\t\t\t\t<div class=\"elementor-column elementor-col-100 elementor-top-column elementor-element elementor-element-8110848\" data-id=\"8110848\" data-element_type=\"column\">\n\t\t\t<div class=\"elementor-widget-wrap elementor-element-populated\">\n\t\t\t\t\t\t<div class=\"elementor-element elementor-element-61636ae elementor-widget elementor-widget-heading\" data-id=\"61636ae\" data-element_type=\"widget\" data-widget_type=\"heading.default\">\n\t\t\t\t<div class=\"elementor-widget-container\">\n\t\t\t<h2 class=\"elementor-heading-title elementor-size-default\">Nos projets\u00a0:<\/h2>\t\t<\/div>\n\t\t\t\t<\/div>\n\t\t\t\t<div class=\"elementor-element elementor-element-f6cf6a2 elementor-widget elementor-widget-text-editor\" data-id=\"f6cf6a2\" data-element_type=\"widget\" data-widget_type=\"text-editor.default\">\n\t\t\t\t<div class=\"elementor-widget-container\">\n\t\t\t\t\t\t\t<ol><li>Cr\u00e9er un lieu de vie donc une r\u00e9sidence pour 12 jeunes d\u00e9ficients o\u00f9 ils pourront manger et dormir tous les jours en ayant des \u00e9ducateurs qui prennent soin d\u2019eux en journ\u00e9e et durant la nuit.<br \/><br \/><\/li><li>Cr\u00e9er un centre de jour pour accueillir d\u2019autres jeunes (18 pour un maximum de 30 jeunes au total) qui viendront travailler, manger en journ\u00e9e et rentrer chez eux le soir pour retrouver leur famille.<br \/><br \/><\/li><li>Cr\u00e9er des lieux touristiques bien d\u00e9limit\u00e9s pour que le lieu soit INCLUSIF. Les touristes viendront pour prendre des vacances et seront servis, suivis, aid\u00e9s par les jeunes assist\u00e9s des professionnels qui les encadrent, qui ont envie de s\u2019impliquer dans le projet. Les jeunes pourront aussi avoir les activit\u00e9s qu\u2019ils souhaitent dans d\u2019autres entreprises ou fonctions.<br \/><br \/><\/li><li>Cr\u00e9er une ferme p\u00e9dagogique ouverte \u00e0 tous pour accueillir les familles avec leurs enfants afin de les immerger dans la Nature et avec le contact des animaux. Le potager et les animaux seront l\u00e0 pour donner du travail aussi aux jeunes et permettre aux familles de venir se poser dans un endroit s\u00e9curis\u00e9 avec une pi\u00e8ce d\u2019eau et une zone \u00ab barbecue \u00bb pour manger et passer la journ\u00e9e au grand air loin des tablettes et des ordinateurs des enfants.<\/li><\/ol>\t\t\t\t\t\t<\/div>\n\t\t\t\t<\/div>\n\t\t\t\t<div class=\"elementor-element elementor-element-a3419cf elementor-widget elementor-widget-heading\" data-id=\"a3419cf\" data-element_type=\"widget\" data-widget_type=\"heading.default\">\n\t\t\t\t<div class=\"elementor-widget-container\">\n\t\t\t<h2 class=\"elementor-heading-title elementor-size-default\">Comment nous aider\u00a0?<\/h2>\t\t<\/div>\n\t\t\t\t<\/div>\n\t\t\t\t<div class=\"elementor-element elementor-element-059d918 elementor-widget elementor-widget-text-editor\" data-id=\"059d918\" data-element_type=\"widget\" data-widget_type=\"text-editor.default\">\n\t\t\t\t<div class=\"elementor-widget-container\">\n\t\t\t\t\t\t\t<p>Tous vos dons seront un soutien pour financer la ferme p\u00e9dagogique, les frais d\u2019architectes ou autres<br \/>d\u00e9penses li\u00e9es \u00e0 notre fonctionnement. Les membres de l\u2019association sont tous b\u00e9n\u00e9voles. Et nous<br \/>cr\u00e9ons pour les jeunes des activit\u00e9s pour leur bien-\u00eatre. Mon entreprise portugaise Colina Inaudita<br \/>qui vous loue les Tiny Houses soutient financi\u00e8rement le projet. Les identit\u00e9s fiscales sont diff\u00e9rentes<br \/>n\u00e9anmoins, le but est le m\u00eame.<\/p>\t\t\t\t\t\t<\/div>\n\t\t\t\t<\/div>\n\t\t\t\t<div class=\"elementor-element elementor-element-86aab58 elementor-widget elementor-widget-heading\" data-id=\"86aab58\" data-element_type=\"widget\" data-widget_type=\"heading.default\">\n\t\t\t\t<div class=\"elementor-widget-container\">\n\t\t\t<h2 class=\"elementor-heading-title elementor-size-default\">Ce que nous avons d\u00e9j\u00e0 r\u00e9alis\u00e9\u00a0?<\/h2>\t\t<\/div>\n\t\t\t\t<\/div>\n\t\t\t\t<div class=\"elementor-element elementor-element-b5fc1cb elementor-widget elementor-widget-text-editor\" data-id=\"b5fc1cb\" data-element_type=\"widget\" data-widget_type=\"text-editor.default\">\n\t\t\t\t<div class=\"elementor-widget-container\">\n\t\t\t\t\t\t\t<ol><li><strong>2 avril 2023<\/strong> : une promenade de sensibilisation sur l\u2019autisme dans les rues de Mon\u00e7\u00e3o. 250 pers ont d\u00e9ambul\u00e9 afin de montrer l\u2019urgence de cr\u00e9er des lieux d\u2019accueil et des lieux d\u2019activit\u00e9 pour eux.<br \/><br \/><\/li><li><strong>Durant l\u2019\u00e9t\u00e9 2023<\/strong> : Nous avons anim\u00e9 10 semaines de stages d\u2019\u00e9t\u00e9 pour des enfants de 4 \u00e0 25 ans avec ou sans handicap. Nous avons accueilli tout le monde en mettant en place du soutien pour les plus d\u00e9munis. Les membres de l\u2019association ont travaill\u00e9 b\u00e9n\u00e9volement et un grand nombre de volontaires sont venus porter main forte pour encadrer les enfants ou les jeunes d\u00e9ficients.<br \/><br \/><\/li><li><strong>Le 3 d\u00e9cembre 2023<\/strong> : nous organisons une journ\u00e9e d\u2019information sur le handicap mental et physique. Dans le cadre du Th\u00e9\u00e2tre Jo\u00e3 Verde \u00e0 Mon\u00e7\u00e3o nous aurons de plaisir d\u2019accueillir des professionnels pour des expos\u00e9s sur leur discipline, des jeunes atypiques qui t\u00e9moignent de leur succ\u00e8s et des parents qui partagent leurs solutions dans les mati\u00e8res diverses de l\u00e9galit\u00e9, travail, activit\u00e9 sportives, \u00e9cole ou th\u00e9rapies.<\/li><\/ol>\t\t\t\t\t\t<\/div>\n\t\t\t\t<\/div>\n\t\t\t\t<div class=\"elementor-element elementor-element-49997ca elementor-widget elementor-widget-text-editor\" data-id=\"49997ca\" data-element_type=\"widget\" data-widget_type=\"text-editor.default\">\n\t\t\t\t<div class=\"elementor-widget-container\">\n\t\t\t\t\t\t\t<p><em>Merci d\u00e9j\u00e0 de venir dans notre petit paradis. Votre location soutient notre projet.<\/em><br \/><em>Tous les dons sont les bienvenus<\/em><\/p>\t\t\t\t\t\t<\/div>\n\t\t\t\t<\/div>\n\t\t\t\t<div class=\"elementor-element elementor-element-0a88a2d elementor-widget elementor-widget-heading\" data-id=\"0a88a2d\" data-element_type=\"widget\" data-widget_type=\"heading.default\">\n\t\t\t\t<div class=\"elementor-widget-container\">\n\t\t\t<h2 class=\"elementor-heading-title elementor-size-default\">Pour vos dons\u00a0:<\/h2>\t\t<\/div>\n\t\t\t\t<\/div>\n\t\t\t\t<div class=\"elementor-element elementor-element-0ea53cc elementor-widget elementor-widget-text-editor\" data-id=\"0ea53cc\" data-element_type=\"widget\" data-widget_type=\"text-editor.default\">\n\t\t\t\t<div class=\"elementor-widget-container\">\n\t\t\t\t\t\t\t<p><strong><em>Voici<\/em> le num\u00e9ro de compte de l\u2019association<\/strong><br \/>Aldeia Inclusiva<br \/>229 Estrada do Rio Covo<br \/>4590-030 Freguesia Ceiv\u00e3es e Badim<br \/>IBAN : PT50 0033 0000 4569 1150 3400 5<br \/>Bic : MIBPPTP1XXX<\/p>\t\t\t\t\t\t<\/div>\n\t\t\t\t<\/div>\n\t\t\t\t<div class=\"elementor-element elementor-element-966994e elementor-align-center elementor-widget elementor-widget-button\" data-id=\"966994e\" data-element_type=\"widget\" data-widget_type=\"button.default\">\n\t\t\t\t<div class=\"elementor-widget-container\">\n\t\t\t\t\t\t\t<div class=\"elementor-button-wrapper\">\n\t\t\t\t\t<a class=\"elementor-button elementor-button-link elementor-size-sm\" href=\"https:\/\/www.paypal.com\/donate\/?hosted_button_id=6TBHERT4H5EW6\" target=\"_blank\">\n\t\t\t\t\t\t<span class=\"elementor-button-content-wrapper\">\n\t\t\t\t\t\t\t\t\t<span class=\"elementor-button-text\">Faire un don par Paypal<\/span>\n\t\t\t\t\t<\/span>\n\t\t\t\t\t<\/a>\n\t\t\t\t<\/div>\n\t\t\t\t\t\t<\/div>\n\t\t\t\t<\/div>\n\t\t\t\t\t<\/div>\n\t\t<\/div>\n\t\t\t\t\t<\/div>\n\t\t<\/section>\n\t\t\t\t<\/div>\n\t\t","protected":false},"excerpt":{"rendered":"<p>ALDEIA INCLUSIVAALDEIA INCLUSIVA, une association pour une vraie INCLUSION DE LA DIFFERENCE Nous sommes une association de parents d\u2019enfants diff\u00e9rents, de sympathisants et de professionnels qui veulent cr\u00e9er une Aldeia Inclusiva. C\u2019est-\u00e0-dire un quartier o\u00f9 nos jeunes adultes d\u00e9ficients pourront vivre en contact avec la Nature et travailler dans des activit\u00e9s ouvertes au monde et [&hellip;]<\/p>\n","protected":false},"author":1,"featured_media":0,"parent":0,"menu_order":0,"comment_status":"closed","ping_status":"closed","template":"","meta":{"footnotes":""},"class_list":["post-2672","page","type-page","status-publish","hentry"],"jetpack_sharing_enabled":true,"_links":{"self":[{"href":"https:\/\/orefugionasvinhas.com\/fr\/wp-json\/wp\/v2\/pages\/2672","targetHints":{"allow":["GET"]}}],"collection":[{"href":"https:\/\/orefugionasvinhas.com\/fr\/wp-json\/wp\/v2\/pages"}],"about":[{"href":"https:\/\/orefugionasvinhas.com\/fr\/wp-json\/wp\/v2\/types\/page"}],"author":[{"embeddable":true,"href":"https:\/\/orefugionasvinhas.com\/fr\/wp-json\/wp\/v2\/users\/1"}],"replies":[{"embeddable":true,"href":"https:\/\/orefugionasvinhas.com\/fr\/wp-json\/wp\/v2\/comments?post=2672"}],"version-history":[{"count":49,"href":"https:\/\/orefugionasvinhas.com\/fr\/wp-json\/wp\/v2\/pages\/2672\/revisions"}],"predecessor-version":[{"id":4413,"href":"https:\/\/orefugionasvinhas.com\/fr\/wp-json\/wp\/v2\/pages\/2672\/revisions\/4413"}],"wp:attachment":[{"href":"https:\/\/orefugionasvinhas.com\/fr\/wp-json\/wp\/v2\/media?parent=2672"}],"curies":[{"name":"wp","href":"https:\/\/api.w.org\/{rel}","templated":true}]}}