{"id":2778,"date":"2023-05-23T16:43:22","date_gmt":"2023-05-23T14:43:22","guid":{"rendered":"https:\/\/orefugionasvinhas.com\/?page_id=2778"},"modified":"2023-12-12T13:13:46","modified_gmt":"2023-12-12T12:13:46","slug":"mentions-legales","status":"publish","type":"page","link":"https:\/\/orefugionasvinhas.com\/pt\/mentions-legales\/","title":{"rendered":"Informa\u00e7\u00e3o jur\u00eddica"},"content":{"rendered":"<div data-elementor-type=\"wp-page\" data-elementor-id=\"2778\" class=\"elementor elementor-2778\" data-elementor-post-type=\"page\">\n\t\t\t\t\t\t<section class=\"elementor-section elementor-top-section elementor-element elementor-element-5eb5557 elementor-section-full_width elementor-section-stretched elementor-section-height-default elementor-section-height-default\" data-id=\"5eb5557\" data-element_type=\"section\" data-settings=\"{&quot;stretch_section&quot;:&quot;section-stretched&quot;}\">\n\t\t\t\t\t\t<div class=\"elementor-container elementor-column-gap-no\">\n\t\t\t\t\t<div class=\"elementor-column elementor-col-100 elementor-top-column elementor-element elementor-element-0d169f0\" data-id=\"0d169f0\" data-element_type=\"column\">\n\t\t\t<div class=\"elementor-widget-wrap elementor-element-populated\">\n\t\t\t\t\t\t<div class=\"elementor-element elementor-element-38284ec elementor--h-position-center elementor--v-position-middle elementor-arrows-position-inside elementor-pagination-position-inside elementor-widget elementor-widget-slides\" data-id=\"38284ec\" data-element_type=\"widget\" data-settings=\"{&quot;navigation&quot;:&quot;both&quot;,&quot;autoplay&quot;:&quot;yes&quot;,&quot;pause_on_hover&quot;:&quot;yes&quot;,&quot;pause_on_interaction&quot;:&quot;yes&quot;,&quot;autoplay_speed&quot;:5000,&quot;infinite&quot;:&quot;yes&quot;,&quot;transition&quot;:&quot;slide&quot;,&quot;transition_speed&quot;:500}\" data-widget_type=\"slides.default\">\n\t\t\t\t<div class=\"elementor-widget-container\">\n\t\t\t\t\t<div class=\"elementor-swiper\">\n\t\t\t<div class=\"elementor-slides-wrapper elementor-main-swiper swiper\" dir=\"ltr\" data-animation=\"fadeInUp\">\n\t\t\t\t<div class=\"swiper-wrapper elementor-slides\">\n\t\t\t\t\t\t\t\t\t\t<div class=\"elementor-repeater-item-c590e95 swiper-slide\"><div class=\"swiper-slide-bg\" role=\"img\"><\/div><div class=\"swiper-slide-inner\" ><div class=\"swiper-slide-contents\"><div class=\"elementor-slide-heading\">Informa\u00e7\u00e3o jur\u00eddica<\/div><\/div><\/div><\/div>\t\t\t\t<\/div>\n\t\t\t\t\t\t\t<\/div>\n\t\t<\/div>\n\t\t\t\t<\/div>\n\t\t\t\t<\/div>\n\t\t\t\t\t<\/div>\n\t\t<\/div>\n\t\t\t\t\t<\/div>\n\t\t<\/section>\n\t\t\t\t<section class=\"elementor-section elementor-top-section elementor-element elementor-element-85463ea elementor-section-boxed elementor-section-height-default elementor-section-height-default\" data-id=\"85463ea\" data-element_type=\"section\">\n\t\t\t\t\t\t<div class=\"elementor-container elementor-column-gap-default\">\n\t\t\t\t\t<div class=\"elementor-column elementor-col-100 elementor-top-column elementor-element elementor-element-07eed31\" data-id=\"07eed31\" data-element_type=\"column\">\n\t\t\t<div class=\"elementor-widget-wrap elementor-element-populated\">\n\t\t\t\t\t\t<div class=\"elementor-element elementor-element-cc42773 elementor-widget elementor-widget-text-editor\" data-id=\"cc42773\" data-element_type=\"widget\" data-widget_type=\"text-editor.default\">\n\t\t\t\t<div class=\"elementor-widget-container\">\n\t\t\t\t\t\t\t<p>Leia atentamente os v\u00e1rios termos e condi\u00e7\u00f5es de utiliza\u00e7\u00e3o deste s\u00edtio antes de navegar nas suas p\u00e1ginas.<br \/>Ao ligar-se a este s\u00edtio, o utilizador aceita sem reservas as presentes condi\u00e7\u00f5es.<br \/>Em conformidade com o artigo 6.\u00ba da Lei n.\u00ba 2004-575, de 21 de junho de 2004, relativa \u00e0 confian\u00e7a na economia digital,<br \/>os respons\u00e1veis por este s\u00edtio web orefugionasvinhas.com s\u00e3o :<\/p><p><strong>Editor do s\u00edtio Web<\/strong><\/p><p>Fran\u00e7oise Hanoul<br \/>2 route de Spa <br \/>5372 Havelange<br \/>B\u00e9lgica<\/p><p><strong>Alojamento<br \/><\/strong>Apresentado por : <a href=\"https:\/\/orefugionasvinhas.com\/pt\/gy3l\/\">O2Switch<\/a><\/p><p><strong>Desenvolvimento<br \/><\/strong>Jorge De Almeida<br \/>Ag\u00eancia Webconnections<br \/>S\u00edtio Web : <a href=\"https:\/\/webconnections.fr\/\">webconnections.fr<\/a><\/p><p><strong>Alojamento e seguran\u00e7a<\/strong><br \/>O site orefugionasvinhas.com faz todos os esfor\u00e7os para fornecer aos utilizadores informa\u00e7\u00f5es e\/ou ferramentas dispon\u00edveis e verificadas, mas n\u00e3o pode ser responsabilizado por erros, falta de disponibilidade de informa\u00e7\u00f5es e\/ou presen\u00e7a de v\u00edrus no seu site.<\/p><p><strong>Liga\u00e7\u00f5es de hipertexto<\/strong><br \/>A cria\u00e7\u00e3o de um link de hipertexto para orefugionasvinhas.com requer autoriza\u00e7\u00e3o pr\u00e9via por escrito.<\/p><p>orefugionasvinhas.com n\u00e3o se responsabiliza pelo conte\u00fado dos s\u00edtios web para os quais possam ser fornecidas liga\u00e7\u00f5es de hipertexto a partir do s\u00edtio orefugionasvinhas.com.<\/p><p><strong>Servi\u00e7os prestados<br \/><\/strong>Todas as actividades e informa\u00e7\u00f5es da empresa s\u00e3o apresentadas no nosso s\u00edtio Web orefugionasvinhas.com<\/p><p>orefugionasvinhas.com esfor\u00e7a-se por fornecer informa\u00e7\u00f5es t\u00e3o exactas quanto poss\u00edvel. As informa\u00e7\u00f5es que figuram no s\u00edtio orefugionasvinhas.com n\u00e3o s\u00e3o exaustivas e as fotografias n\u00e3o s\u00e3o contratuais. S\u00e3o fornecidas sob reserva de modifica\u00e7\u00f5es efectuadas desde a sua coloca\u00e7\u00e3o em linha. Al\u00e9m disso, todas as informa\u00e7\u00f5es que figuram no s\u00edtio orefugionasvinhas.com s\u00e3o fornecidas a t\u00edtulo meramente informativo e s\u00e3o suscept\u00edveis de serem alteradas ou evolu\u00eddas sem aviso pr\u00e9vio.<\/p><p><strong>Restri\u00e7\u00f5es contratuais relativas aos dados<br \/><\/strong>As informa\u00e7\u00f5es contidas neste s\u00edtio s\u00e3o t\u00e3o exactas quanto poss\u00edvel e o s\u00edtio \u00e9 atualizado em diferentes alturas do ano, mas pode conter imprecis\u00f5es ou omiss\u00f5es. Se detetar uma lacuna, um erro ou o que parece ser um mau funcionamento, comunique-o por correio eletr\u00f3nico, utilizando a p\u00e1gina de contacto do s\u00edtio, descrevendo o problema com a maior precis\u00e3o poss\u00edvel (p\u00e1gina que causa o problema, tipo de computador e de navegador utilizado, etc.).<\/p><p>Qualquer conte\u00fado descarregado \u00e9 feito por conta e risco do utilizador e sob a sua exclusiva responsabilidade. Consequentemente, n\u00e3o pode ser aceite qualquer responsabilidade por eventuais danos no computador do utilizador ou perda de dados resultantes do descarregamento. Al\u00e9m disso, o utilizador do s\u00edtio compromete-se a aceder ao s\u00edtio utilizando um equipamento recente, isento de v\u00edrus e com um programa de navega\u00e7\u00e3o atualizado e de \u00faltima gera\u00e7\u00e3o.<\/p><p>orefugionasvinhas.com n\u00e3o pode ser considerado respons\u00e1vel pelas liga\u00e7\u00f5es de hipertexto estabelecidas no \u00e2mbito do presente s\u00edtio Web que conduzam a outros recursos presentes na rede Internet.<\/p><p><strong>Propriedade intelectual<br \/><\/strong>Todos os conte\u00fados do site orefugionasvinhas.com, incluindo mas n\u00e3o se limitando a gr\u00e1ficos, imagens, textos, v\u00eddeos, anima\u00e7\u00f5es, sons, log\u00f3tipos, gifs e \u00edcones, bem como a sua disposi\u00e7\u00e3o, s\u00e3o propriedade exclusiva da empresa, com exce\u00e7\u00e3o das marcas, log\u00f3tipos ou conte\u00fados pertencentes a outras empresas parceiras ou autores.<\/p><p>Qualquer reprodu\u00e7\u00e3o, distribui\u00e7\u00e3o, modifica\u00e7\u00e3o, adapta\u00e7\u00e3o, retransmiss\u00e3o ou publica\u00e7\u00e3o, mesmo parcial, destes diferentes elementos \u00e9 estritamente proibida sem o consentimento expresso por escrito de orefugionasvinhas.com. Esta representa\u00e7\u00e3o ou reprodu\u00e7\u00e3o, por qualquer meio que seja, constitui uma infra\u00e7\u00e3o pun\u00edvel pelos artigos L.335-2 e seguintes do C\u00f3digo da Propriedade Intelectual franc\u00eas. A inobserv\u00e2ncia desta proibi\u00e7\u00e3o constitui uma infra\u00e7\u00e3o que pode acarretar a responsabilidade civil e penal do infrator. Al\u00e9m disso, os propriet\u00e1rios dos Conte\u00fados copiados poder\u00e3o intentar uma a\u00e7\u00e3o judicial contra o utilizador.<\/p><p><strong>Biscoitos<br \/><\/strong>O site orefugionasvinhas.com utiliza cookies com o objetivo de recolher dados para as listas de remarketing do Google. Um cookie \u00e9 um pequeno fragmento de informa\u00e7\u00e3o que \u00e9 enviado para o disco r\u00edgido do seu computador e que permite ao Google (um fornecedor terceiro) apresentar-lhe an\u00fancios da MMC quando visita websites na Internet que fazem parte da \"Rede de Display\" do Google.<\/p><p>O utilizador pode optar por n\u00e3o utilizar cookies da Google visitando o \"Gestor de prefer\u00eancias de an\u00fancios\". Em alternativa, pode optar por recusar a utiliza\u00e7\u00e3o de um fornecedor de cookies de terceiros visitando a \"p\u00e1gina de auto-exclus\u00e3o da Iniciativa de rede\".<\/p><p>Asseguramos-lhe que as informa\u00e7\u00f5es pessoais, incluindo o nome e o endere\u00e7o de correio eletr\u00f3nico, nunca ser\u00e3o partilhadas ou vendidas a terceiros.<\/p>\t\t\t\t\t\t<\/div>\n\t\t\t\t<\/div>\n\t\t\t\t\t<\/div>\n\t\t<\/div>\n\t\t\t\t\t<\/div>\n\t\t<\/section>\n\t\t\t\t<\/div>","protected":false},"excerpt":{"rendered":"<p>Informa\u00e7\u00e3o legal Leia atentamente os v\u00e1rios termos e condi\u00e7\u00f5es de utiliza\u00e7\u00e3o deste s\u00edtio Web antes de navegar nas suas p\u00e1ginas. Ao ligar-se a este s\u00edtio, aceita estes termos e condi\u00e7\u00f5es sem reservas. Al\u00e9m disso, em conformidade com o artigo 6.\u00ba da Lei n.\u00ba 2004-575, de 21 de junho de 2004, relativa \u00e0 confian\u00e7a na economia digital, os respons\u00e1veis por este s\u00edtio Web orefugionasvinhas.com [...].<\/p>","protected":false},"author":1,"featured_media":0,"parent":0,"menu_order":0,"comment_status":"closed","ping_status":"closed","template":"elementor_header_footer","meta":{"footnotes":""},"class_list":["post-2778","page","type-page","status-publish","hentry"],"jetpack_sharing_enabled":true,"_links":{"self":[{"href":"https:\/\/orefugionasvinhas.com\/pt\/wp-json\/wp\/v2\/pages\/2778","targetHints":{"allow":["GET"]}}],"collection":[{"href":"https:\/\/orefugionasvinhas.com\/pt\/wp-json\/wp\/v2\/pages"}],"about":[{"href":"https:\/\/orefugionasvinhas.com\/pt\/wp-json\/wp\/v2\/types\/page"}],"author":[{"embeddable":true,"href":"https:\/\/orefugionasvinhas.com\/pt\/wp-json\/wp\/v2\/users\/1"}],"replies":[{"embeddable":true,"href":"https:\/\/orefugionasvinhas.com\/pt\/wp-json\/wp\/v2\/comments?post=2778"}],"version-history":[{"count":39,"href":"https:\/\/orefugionasvinhas.com\/pt\/wp-json\/wp\/v2\/pages\/2778\/revisions"}],"predecessor-version":[{"id":4308,"href":"https:\/\/orefugionasvinhas.com\/pt\/wp-json\/wp\/v2\/pages\/2778\/revisions\/4308"}],"wp:attachment":[{"href":"https:\/\/orefugionasvinhas.com\/pt\/wp-json\/wp\/v2\/media?parent=2778"}],"curies":[{"name":"wp","href":"https:\/\/api.w.org\/{rel}","templated":true}]}}